
{"id":1030,"date":"2017-05-22T18:48:07","date_gmt":"2017-05-22T16:48:07","guid":{"rendered":"http:\/\/florettefoodservice.fr\/?page_id=1030\/"},"modified":"2023-07-27T13:22:12","modified_gmt":"2023-07-27T11:22:12","slug":"notre-engagement-qualite","status":"publish","type":"page","link":"https:\/\/florettefoodservice.fr\/fr\/notre-savoir-faire\/notre-engagement-qualite\/","title":{"rendered":"Notre engagement qualit\u00e9"},"content":{"rendered":"<p>Notre mission est enti\u00e8rement motiv\u00e9e par un seul but : que les aliments que nous mettons sur le march\u00e9 soient sains et bons, conformes aux normes alimentaires en vigueur.<\/p>\n","protected":false},"excerpt":{"rendered":"<p>Notre mission est enti\u00e8rement motiv\u00e9e par un seul but : que les aliments que nous mettons sur le march\u00e9 soient sains et bons, conformes aux normes alimentaires en vigueur.<\/p>\n","protected":false},"author":3,"featured_media":1164,"parent":31,"menu_order":0,"comment_status":"closed","ping_status":"closed","template":"","meta":[],"_links":{"self":[{"href":"https:\/\/florettefoodservice.fr\/fr\/wp-json\/wp\/v2\/pages\/1030\/"}],"collection":[{"href":"https:\/\/florettefoodservice.fr\/fr\/wp-json\/wp\/v2\/pages\/"}],"about":[{"href":"https:\/\/florettefoodservice.fr\/fr\/wp-json\/wp\/v2\/types\/page\/"}],"author":[{"embeddable":true,"href":"https:\/\/florettefoodservice.fr\/fr\/wp-json\/wp\/v2\/users\/3\/"}],"replies":[{"embeddable":true,"href":"https:\/\/florettefoodservice.fr\/fr\/wp-json\/wp\/v2\/comments\/?post=1030"}],"version-history":[{"count":19,"href":"https:\/\/florettefoodservice.fr\/fr\/wp-json\/wp\/v2\/pages\/1030\/revisions\/"}],"predecessor-version":[{"id":2620,"href":"https:\/\/florettefoodservice.fr\/fr\/wp-json\/wp\/v2\/pages\/1030\/revisions\/2620\/"}],"up":[{"embeddable":true,"href":"https:\/\/florettefoodservice.fr\/fr\/wp-json\/wp\/v2\/pages\/31\/"}],"wp:featuredmedia":[{"embeddable":true,"href":"https:\/\/florettefoodservice.fr\/fr\/wp-json\/wp\/v2\/media\/1164\/"}],"wp:attachment":[{"href":"https:\/\/florettefoodservice.fr\/fr\/wp-json\/wp\/v2\/media\/?parent=1030"}],"curies":[{"name":"wp","href":"https:\/\/api.w.org\/{rel}","templated":true}]}}