
{"id":1037,"date":"2017-05-22T18:51:59","date_gmt":"2017-05-22T16:51:59","guid":{"rendered":"http:\/\/florettefoodservice.fr\/?page_id=1037\/"},"modified":"2017-12-22T11:54:12","modified_gmt":"2017-12-22T10:54:12","slug":"portrait-dagriculteur","status":"publish","type":"page","link":"https:\/\/florettefoodservice.fr\/fr\/notre-savoir-faire\/portraits-dagriculteurs\/portrait-dagriculteur\/","title":{"rendered":"Matthieu Haghebaert"},"content":{"rendered":"<p><strong>LA FACE CACH\u00c9E DE L\u2019ICEBERG\u00a0: MATTHIEU HAGHEBAERT, PRODUCTEUR D\u2019ICEBERG DEPUIS 14 ANS. <\/strong><\/p>\n<p>Matthieu Haghebaert, est exploitant agricole \u00e0 Vendeuvre en Normandie.<\/p>\n<p>Affili\u00e9 \u00e0 la coop\u00e9rative AGRIAL, il cultive l\u2019Iceberg depuis 2003.<\/p>\n<p>Son exploitation, de 400 ha, est certifi\u00e9e GLOBALG.A.P. et LEAF pour les salades.<\/p>\n<p>&nbsp;<\/p>\n","protected":false},"excerpt":{"rendered":"<p>LA FACE CACH\u00c9E DE L\u2019ICEBERG\u00a0: MATTHIEU HAGHEBAERT, PRODUCTEUR D\u2019ICEBERG DEPUIS 14 ANS. Matthieu Haghebaert, est exploitant agricole \u00e0 Vendeuvre en Normandie. Affili\u00e9 \u00e0 la coop\u00e9rative AGRIAL, il cultive l\u2019Iceberg depuis 2003. Son exploitation, de 400 ha, est certifi\u00e9e GLOBALG.A.P. et LEAF pour les salades. &nbsp;<\/p>\n","protected":false},"author":3,"featured_media":1731,"parent":2408,"menu_order":0,"comment_status":"closed","ping_status":"closed","template":"","meta":[],"_links":{"self":[{"href":"https:\/\/florettefoodservice.fr\/fr\/wp-json\/wp\/v2\/pages\/1037\/"}],"collection":[{"href":"https:\/\/florettefoodservice.fr\/fr\/wp-json\/wp\/v2\/pages\/"}],"about":[{"href":"https:\/\/florettefoodservice.fr\/fr\/wp-json\/wp\/v2\/types\/page\/"}],"author":[{"embeddable":true,"href":"https:\/\/florettefoodservice.fr\/fr\/wp-json\/wp\/v2\/users\/3\/"}],"replies":[{"embeddable":true,"href":"https:\/\/florettefoodservice.fr\/fr\/wp-json\/wp\/v2\/comments\/?post=1037"}],"version-history":[{"count":16,"href":"https:\/\/florettefoodservice.fr\/fr\/wp-json\/wp\/v2\/pages\/1037\/revisions\/"}],"predecessor-version":[{"id":2428,"href":"https:\/\/florettefoodservice.fr\/fr\/wp-json\/wp\/v2\/pages\/1037\/revisions\/2428\/"}],"up":[{"embeddable":true,"href":"https:\/\/florettefoodservice.fr\/fr\/wp-json\/wp\/v2\/pages\/2408\/"}],"wp:featuredmedia":[{"embeddable":true,"href":"https:\/\/florettefoodservice.fr\/fr\/wp-json\/wp\/v2\/media\/1731\/"}],"wp:attachment":[{"href":"https:\/\/florettefoodservice.fr\/fr\/wp-json\/wp\/v2\/media\/?parent=1037"}],"curies":[{"name":"wp","href":"https:\/\/api.w.org\/{rel}","templated":true}]}}