
{"id":2408,"date":"2017-12-22T10:18:47","date_gmt":"2017-12-22T09:18:47","guid":{"rendered":"http:\/\/florettefoodservice.fr\/?page_id=2408\/"},"modified":"2023-07-27T13:19:36","modified_gmt":"2023-07-27T11:19:36","slug":"portraits-dagriculteurs","status":"publish","type":"page","link":"https:\/\/florettefoodservice.fr\/fr\/notre-savoir-faire\/portraits-dagriculteurs\/","title":{"rendered":"Portraits d&rsquo;agriculteurs"},"content":{"rendered":"<p style=\"text-align: center;\">Florette Food Service c\u2019est aussi des partenariats de longue date, nou\u00e9s par des relations de confiance et d\u2019exigence r\u00e9ciproques pour vous proposer des produits de grande qualit\u00e9, toujours dans le respect de la Terre et des consommateurs.<\/p>\n<p style=\"text-align: center;\">Au travers de portraits, d\u00e9couvrez les femmes et les hommes qui mettent au quotidien leur passion et leur savoir-faire au service de vos exigences et de nos engagements.<\/p>\n","protected":false},"excerpt":{"rendered":"<p>Florette Food Service c\u2019est aussi des partenariats de longue date, nou\u00e9s par des relations de confiance et d\u2019exigence r\u00e9ciproques pour vous proposer des produits de grande qualit\u00e9, toujours dans le respect de la Terre et des consommateurs. Au travers de portraits, d\u00e9couvrez les femmes et les hommes qui mettent au quotidien leur passion et leur [&hellip;]<\/p>\n","protected":false},"author":3,"featured_media":2418,"parent":31,"menu_order":0,"comment_status":"closed","ping_status":"closed","template":"","meta":[],"_links":{"self":[{"href":"https:\/\/florettefoodservice.fr\/fr\/wp-json\/wp\/v2\/pages\/2408\/"}],"collection":[{"href":"https:\/\/florettefoodservice.fr\/fr\/wp-json\/wp\/v2\/pages\/"}],"about":[{"href":"https:\/\/florettefoodservice.fr\/fr\/wp-json\/wp\/v2\/types\/page\/"}],"author":[{"embeddable":true,"href":"https:\/\/florettefoodservice.fr\/fr\/wp-json\/wp\/v2\/users\/3\/"}],"replies":[{"embeddable":true,"href":"https:\/\/florettefoodservice.fr\/fr\/wp-json\/wp\/v2\/comments\/?post=2408"}],"version-history":[{"count":6,"href":"https:\/\/florettefoodservice.fr\/fr\/wp-json\/wp\/v2\/pages\/2408\/revisions\/"}],"predecessor-version":[{"id":4819,"href":"https:\/\/florettefoodservice.fr\/fr\/wp-json\/wp\/v2\/pages\/2408\/revisions\/4819\/"}],"up":[{"embeddable":true,"href":"https:\/\/florettefoodservice.fr\/fr\/wp-json\/wp\/v2\/pages\/31\/"}],"wp:featuredmedia":[{"embeddable":true,"href":"https:\/\/florettefoodservice.fr\/fr\/wp-json\/wp\/v2\/media\/2418\/"}],"wp:attachment":[{"href":"https:\/\/florettefoodservice.fr\/fr\/wp-json\/wp\/v2\/media\/?parent=2408"}],"curies":[{"name":"wp","href":"https:\/\/api.w.org\/{rel}","templated":true}]}}