
{"id":268,"date":"2017-04-27T15:19:02","date_gmt":"2017-04-27T13:19:02","guid":{"rendered":"http:\/\/91.121.109.82\/ffs\/?page_id=268\/"},"modified":"2023-07-27T13:21:09","modified_gmt":"2023-07-27T11:21:09","slug":"focus-recherche-developpement","status":"publish","type":"page","link":"https:\/\/florettefoodservice.fr\/fr\/notre-savoir-faire\/focus-recherche-developpement\/","title":{"rendered":"D\u00e9veloppement et innovation"},"content":{"rendered":"<p style=\"text-align: center;\">Vous proposer des solutions op\u00e9rationnelles, fiables et sur-mesure si n\u00e9cessaire, est au c\u0153ur de notre ADN. Cette capacit\u00e9 d\u2019innovation et de compr\u00e9hension du march\u00e9, de vos besoins, fait la force de Florette Food Service. Ainsi, le d\u00e9partement <em>D\u00e9veloppement <\/em><em>et innovation<\/em> dispose d\u2019un r\u00f4le transversal car il travaille avec l\u2019ensemble des services de l\u2019entreprise.<\/p>\n","protected":false},"excerpt":{"rendered":"<p>Vous proposer des solutions op\u00e9rationnelles, fiables et sur-mesure si n\u00e9cessaire, est au c\u0153ur de notre ADN. Cette capacit\u00e9 d\u2019innovation et de compr\u00e9hension du march\u00e9, de vos besoins, fait la force de Florette Food Service. Ainsi, le d\u00e9partement D\u00e9veloppement et innovation dispose d\u2019un r\u00f4le transversal car il travaille avec l\u2019ensemble des services de l\u2019entreprise.<\/p>\n","protected":false},"author":1,"featured_media":1162,"parent":31,"menu_order":0,"comment_status":"closed","ping_status":"closed","template":"","meta":[],"_links":{"self":[{"href":"https:\/\/florettefoodservice.fr\/fr\/wp-json\/wp\/v2\/pages\/268\/"}],"collection":[{"href":"https:\/\/florettefoodservice.fr\/fr\/wp-json\/wp\/v2\/pages\/"}],"about":[{"href":"https:\/\/florettefoodservice.fr\/fr\/wp-json\/wp\/v2\/types\/page\/"}],"author":[{"embeddable":true,"href":"https:\/\/florettefoodservice.fr\/fr\/wp-json\/wp\/v2\/users\/1\/"}],"replies":[{"embeddable":true,"href":"https:\/\/florettefoodservice.fr\/fr\/wp-json\/wp\/v2\/comments\/?post=268"}],"version-history":[{"count":29,"href":"https:\/\/florettefoodservice.fr\/fr\/wp-json\/wp\/v2\/pages\/268\/revisions\/"}],"predecessor-version":[{"id":4822,"href":"https:\/\/florettefoodservice.fr\/fr\/wp-json\/wp\/v2\/pages\/268\/revisions\/4822\/"}],"up":[{"embeddable":true,"href":"https:\/\/florettefoodservice.fr\/fr\/wp-json\/wp\/v2\/pages\/31\/"}],"wp:featuredmedia":[{"embeddable":true,"href":"https:\/\/florettefoodservice.fr\/fr\/wp-json\/wp\/v2\/media\/1162\/"}],"wp:attachment":[{"href":"https:\/\/florettefoodservice.fr\/fr\/wp-json\/wp\/v2\/media\/?parent=268"}],"curies":[{"name":"wp","href":"https:\/\/api.w.org\/{rel}","templated":true}]}}