
{"id":27,"date":"2017-04-19T18:54:20","date_gmt":"2017-04-19T16:54:20","guid":{"rendered":"http:\/\/91.121.109.82\/ffs\/?page_id=27"},"modified":"2023-07-27T13:16:25","modified_gmt":"2023-07-27T11:16:25","slug":"nos-produits","status":"publish","type":"page","link":"https:\/\/florettefoodservice.fr\/fr\/nos-produits\/","title":{"rendered":"Nos produits"},"content":{"rendered":"<p style=\"text-align: center;\"><strong>DES SOLUTIONS PLEINES DE FRA\u00ceCHEUR, DE LA TERRE \u00c0 LA TABLE.\u00a0<\/strong><\/p>\n<p style=\"text-align: center;\">Cultiv\u00e9s dans les meilleurs terroirs, dans le respect de la terre et des hommes, chacun de nos produits a \u00e9t\u00e9 pens\u00e9 pour <strong>r\u00e9pondre \u00e0 vos envies et vos exigences<\/strong>. Restauration assise, nomade, nos solutions v\u00e9g\u00e9tales et nos ingr\u00e9dients s\u2019adaptent \u00e0 tous vos besoins et vous inspirent de nouvelles id\u00e9es. <strong>Confiance, transparence, proximit\u00e9, \u00e9coute<\/strong> : nous sommes toujours \u00e0 votre service.<\/p>\n<p style=\"text-align: center;\">D\u00e9couvrez une s\u00e9lection de nos produits :<\/p>\n","protected":false},"excerpt":{"rendered":"<p>DES SOLUTIONS PLEINES DE FRA\u00ceCHEUR, DE LA TERRE \u00c0 LA TABLE.\u00a0 Cultiv\u00e9s dans les meilleurs terroirs, dans le respect de la terre et des hommes, chacun de nos produits a \u00e9t\u00e9 pens\u00e9 pour r\u00e9pondre \u00e0 vos envies et vos exigences. Restauration assise, nomade, nos solutions v\u00e9g\u00e9tales et nos ingr\u00e9dients s\u2019adaptent \u00e0 tous vos besoins et [&hellip;]<\/p>\n","protected":false},"author":1,"featured_media":1565,"parent":0,"menu_order":5,"comment_status":"closed","ping_status":"closed","template":"template-parts\/page-categories-produits.php","meta":[],"_links":{"self":[{"href":"https:\/\/florettefoodservice.fr\/fr\/wp-json\/wp\/v2\/pages\/27\/"}],"collection":[{"href":"https:\/\/florettefoodservice.fr\/fr\/wp-json\/wp\/v2\/pages\/"}],"about":[{"href":"https:\/\/florettefoodservice.fr\/fr\/wp-json\/wp\/v2\/types\/page\/"}],"author":[{"embeddable":true,"href":"https:\/\/florettefoodservice.fr\/fr\/wp-json\/wp\/v2\/users\/1\/"}],"replies":[{"embeddable":true,"href":"https:\/\/florettefoodservice.fr\/fr\/wp-json\/wp\/v2\/comments\/?post=27"}],"version-history":[{"count":23,"href":"https:\/\/florettefoodservice.fr\/fr\/wp-json\/wp\/v2\/pages\/27\/revisions\/"}],"predecessor-version":[{"id":4816,"href":"https:\/\/florettefoodservice.fr\/fr\/wp-json\/wp\/v2\/pages\/27\/revisions\/4816\/"}],"wp:featuredmedia":[{"embeddable":true,"href":"https:\/\/florettefoodservice.fr\/fr\/wp-json\/wp\/v2\/media\/1565\/"}],"wp:attachment":[{"href":"https:\/\/florettefoodservice.fr\/fr\/wp-json\/wp\/v2\/media\/?parent=27"}],"curies":[{"name":"wp","href":"https:\/\/api.w.org\/{rel}","templated":true}]}}