
{"id":31,"date":"2017-04-19T19:01:43","date_gmt":"2017-04-19T17:01:43","guid":{"rendered":"http:\/\/91.121.109.82\/ffs\/?page_id=31"},"modified":"2023-07-27T13:19:53","modified_gmt":"2023-07-27T11:19:53","slug":"notre-savoir-faire","status":"publish","type":"page","link":"https:\/\/florettefoodservice.fr\/fr\/notre-savoir-faire\/","title":{"rendered":"Notre savoir-faire"},"content":{"rendered":"<p style=\"text-align: center;\">Notre savoir-faire, nous le tenons des expertises de nos \u00e9quipes, de notre enracinement et de notre connaissance du monde agricole. Une expertise qui nous pousse \u00e0 <strong>faire \u00e9voluer et \u00e0 am\u00e9liorer constamment nos pratiques de production et \u00e0 d\u00e9velopper des solutions innovantes<\/strong> dans le respect de la terre et de ceux qui la cultive.<\/p>\n<p style=\"text-align: center;\">C\u2019est au nom de cet engagement que nous d\u00e9veloppons <strong>des produits de qualit\u00e9 optimale<\/strong>, afin de vous proposer des <strong>solutions durables<\/strong>, issues de fili\u00e8res contr\u00f4l\u00e9es et r\u00e9pondant aux<strong> exigences de s\u00e9curit\u00e9<\/strong> et de <strong>qualit\u00e9 alimentaire.<\/strong><\/p>\n","protected":false},"excerpt":{"rendered":"<p>Notre savoir-faire, nous le tenons des expertises de nos \u00e9quipes, de notre enracinement et de notre connaissance du monde agricole. Une expertise qui nous pousse \u00e0 faire \u00e9voluer et \u00e0 am\u00e9liorer constamment nos pratiques de production et \u00e0 d\u00e9velopper des solutions innovantes dans le respect de la terre et de ceux qui la cultive. C\u2019est [&hellip;]<\/p>\n","protected":false},"author":1,"featured_media":1567,"parent":0,"menu_order":6,"comment_status":"closed","ping_status":"closed","template":"","meta":[],"_links":{"self":[{"href":"https:\/\/florettefoodservice.fr\/fr\/wp-json\/wp\/v2\/pages\/31\/"}],"collection":[{"href":"https:\/\/florettefoodservice.fr\/fr\/wp-json\/wp\/v2\/pages\/"}],"about":[{"href":"https:\/\/florettefoodservice.fr\/fr\/wp-json\/wp\/v2\/types\/page\/"}],"author":[{"embeddable":true,"href":"https:\/\/florettefoodservice.fr\/fr\/wp-json\/wp\/v2\/users\/1\/"}],"replies":[{"embeddable":true,"href":"https:\/\/florettefoodservice.fr\/fr\/wp-json\/wp\/v2\/comments\/?post=31"}],"version-history":[{"count":10,"href":"https:\/\/florettefoodservice.fr\/fr\/wp-json\/wp\/v2\/pages\/31\/revisions\/"}],"predecessor-version":[{"id":4820,"href":"https:\/\/florettefoodservice.fr\/fr\/wp-json\/wp\/v2\/pages\/31\/revisions\/4820\/"}],"wp:featuredmedia":[{"embeddable":true,"href":"https:\/\/florettefoodservice.fr\/fr\/wp-json\/wp\/v2\/media\/1567\/"}],"wp:attachment":[{"href":"https:\/\/florettefoodservice.fr\/fr\/wp-json\/wp\/v2\/media\/?parent=31"}],"curies":[{"name":"wp","href":"https:\/\/api.w.org\/{rel}","templated":true}]}}