
{"id":33,"date":"2017-04-19T19:02:06","date_gmt":"2017-04-19T17:02:06","guid":{"rendered":"http:\/\/91.121.109.82\/ffs\/?page_id=33"},"modified":"2023-07-27T13:21:55","modified_gmt":"2023-07-27T11:21:55","slug":"a-propos","status":"publish","type":"page","link":"https:\/\/florettefoodservice.fr\/fr\/a-propos\/","title":{"rendered":"\u00c0 propos"},"content":{"rendered":"<p style=\"text-align: center\">Depuis la cr\u00e9ation de la soci\u00e9t\u00e9 en 1984, Florette Food Service a conquis une place de premier plan sur le march\u00e9 des salades, fruits et l\u00e9gumes frais 4<sup>\u00e8me<\/sup> gamme jusqu\u2019\u00e0 des solutions traiteur (salades repas, desserts de fruits&#8230;) dans l\u2019univers de la Restauration en France. Parce que notre mod\u00e8le consiste \u00e0 vous proposer le meilleur du v\u00e9g\u00e9tal frais, dont une partie issue de nos propres productions agricoles locales, nous vous proposons<strong> un partenariat unique, bas\u00e9 sur une connaissance et une confiance mutuelle, sur l\u2019engagement de nos producteurs et l\u2019expertise de nos \u00e9quipes sur les solutions et produits cr\u00e9\u00e9s<\/strong>.<\/p>\n<p style=\"text-align: center\">Si aujourd\u2019hui Florette Food Service est synonyme d\u2019agriculture responsable, de qualit\u00e9, de fra\u00eecheur, et de praticit\u00e9, c\u2019est parce que <strong>nous travaillons de concert, avec vous, pour innover tout en restant \u00e0 l\u2019\u00e9coute du march\u00e9<\/strong>.<\/p>\n","protected":false},"excerpt":{"rendered":"<p>Depuis la cr\u00e9ation de la soci\u00e9t\u00e9 en 1984, Florette Food Service a conquis une place de premier plan sur le march\u00e9 des salades, fruits et l\u00e9gumes frais 4\u00e8me gamme jusqu\u2019\u00e0 des solutions traiteur (salades repas, desserts de fruits&#8230;) dans l\u2019univers de la Restauration en France. Parce que notre mod\u00e8le consiste \u00e0 vous proposer le meilleur [&hellip;]<\/p>\n","protected":false},"author":1,"featured_media":1568,"parent":0,"menu_order":7,"comment_status":"closed","ping_status":"closed","template":"","meta":[],"_links":{"self":[{"href":"https:\/\/florettefoodservice.fr\/fr\/wp-json\/wp\/v2\/pages\/33\/"}],"collection":[{"href":"https:\/\/florettefoodservice.fr\/fr\/wp-json\/wp\/v2\/pages\/"}],"about":[{"href":"https:\/\/florettefoodservice.fr\/fr\/wp-json\/wp\/v2\/types\/page\/"}],"author":[{"embeddable":true,"href":"https:\/\/florettefoodservice.fr\/fr\/wp-json\/wp\/v2\/users\/1\/"}],"replies":[{"embeddable":true,"href":"https:\/\/florettefoodservice.fr\/fr\/wp-json\/wp\/v2\/comments\/?post=33"}],"version-history":[{"count":11,"href":"https:\/\/florettefoodservice.fr\/fr\/wp-json\/wp\/v2\/pages\/33\/revisions\/"}],"predecessor-version":[{"id":4823,"href":"https:\/\/florettefoodservice.fr\/fr\/wp-json\/wp\/v2\/pages\/33\/revisions\/4823\/"}],"wp:featuredmedia":[{"embeddable":true,"href":"https:\/\/florettefoodservice.fr\/fr\/wp-json\/wp\/v2\/media\/1568\/"}],"wp:attachment":[{"href":"https:\/\/florettefoodservice.fr\/fr\/wp-json\/wp\/v2\/media\/?parent=33"}],"curies":[{"name":"wp","href":"https:\/\/api.w.org\/{rel}","templated":true}]}}