
{"id":35,"date":"2017-04-19T19:02:37","date_gmt":"2017-04-19T17:02:37","guid":{"rendered":"http:\/\/91.121.109.82\/ffs\/?page_id=35"},"modified":"2023-04-03T20:56:34","modified_gmt":"2023-04-03T18:56:34","slug":"le-blog","status":"publish","type":"page","link":"https:\/\/florettefoodservice.fr\/fr\/le-blog\/","title":{"rendered":"Le Blog"},"content":{"rendered":"<div id=\"u32736\" class=\"text\">\n<h1>Chez Florette Food Service nous veillons sur vos tendances.<\/h1>\n<p>Parce que nous nous int\u00e9ressons aux innovations et aux actualit\u00e9s qui vous entourent, vous retrouverez ici notre s\u00e9lection d\u2019articles des secteurs de la restauration, de l\u2019innovation ou de l\u2019alimentation.<\/p>\n<p>Nous mettons aussi en avant les tendances et les \u00e9v\u00e9nements qui, nous le pensons, seront susceptibles de vous int\u00e9resser.<\/p>\n<p>Bonne lecture !<\/p>\n<\/div>\n","protected":false},"excerpt":{"rendered":"<p>Chez Florette Food Service nous veillons sur vos tendances. Parce que nous nous int\u00e9ressons aux innovations et aux actualit\u00e9s qui vous entourent, vous retrouverez ici notre s\u00e9lection d\u2019articles des secteurs de la restauration, de l\u2019innovation ou de l\u2019alimentation. Nous mettons aussi en avant les tendances et les \u00e9v\u00e9nements qui, nous le pensons, seront susceptibles de [&hellip;]<\/p>\n","protected":false},"author":1,"featured_media":1570,"parent":0,"menu_order":8,"comment_status":"closed","ping_status":"closed","template":"template-parts\/page-blog.php","meta":[],"_links":{"self":[{"href":"https:\/\/florettefoodservice.fr\/fr\/wp-json\/wp\/v2\/pages\/35\/"}],"collection":[{"href":"https:\/\/florettefoodservice.fr\/fr\/wp-json\/wp\/v2\/pages\/"}],"about":[{"href":"https:\/\/florettefoodservice.fr\/fr\/wp-json\/wp\/v2\/types\/page\/"}],"author":[{"embeddable":true,"href":"https:\/\/florettefoodservice.fr\/fr\/wp-json\/wp\/v2\/users\/1\/"}],"replies":[{"embeddable":true,"href":"https:\/\/florettefoodservice.fr\/fr\/wp-json\/wp\/v2\/comments\/?post=35"}],"version-history":[{"count":7,"href":"https:\/\/florettefoodservice.fr\/fr\/wp-json\/wp\/v2\/pages\/35\/revisions\/"}],"predecessor-version":[{"id":1690,"href":"https:\/\/florettefoodservice.fr\/fr\/wp-json\/wp\/v2\/pages\/35\/revisions\/1690\/"}],"wp:featuredmedia":[{"embeddable":true,"href":"https:\/\/florettefoodservice.fr\/fr\/wp-json\/wp\/v2\/media\/1570\/"}],"wp:attachment":[{"href":"https:\/\/florettefoodservice.fr\/fr\/wp-json\/wp\/v2\/media\/?parent=35"}],"curies":[{"name":"wp","href":"https:\/\/api.w.org\/{rel}","templated":true}]}}