
{"id":385,"date":"2017-05-05T10:36:13","date_gmt":"2017-05-05T08:36:13","guid":{"rendered":"http:\/\/91.121.109.82\/ffs\/?page_id=385\/"},"modified":"2017-06-07T10:59:01","modified_gmt":"2017-06-07T08:59:01","slug":"candidature-spontanee","status":"publish","type":"page","link":"https:\/\/florettefoodservice.fr\/fr\/recrutement\/candidature-spontanee\/","title":{"rendered":"Candidature spontan\u00e9e"},"content":{"rendered":"<div id=\"u29628\" class=\"text\">\n<p>Vous partagez nos valeurs de cr\u00e9ativit\u00e9, de proximit\u00e9, de solidarit\u00e9, de responsabilit\u00e9, d\u2019efficacit\u00e9 et de d\u00e9veloppement personnel\u00a0? N\u2019h\u00e9sitez pas \u00e0 d\u00e9poser une candidature spontan\u00e9e !<\/p>\n<\/div>\n","protected":false},"excerpt":{"rendered":"<p>Vous partagez nos valeurs de cr\u00e9ativit\u00e9, de proximit\u00e9, de solidarit\u00e9, de responsabilit\u00e9, d\u2019efficacit\u00e9 et de d\u00e9veloppement personnel\u00a0? N\u2019h\u00e9sitez pas \u00e0 d\u00e9poser une candidature spontan\u00e9e !<\/p>\n","protected":false},"author":1,"featured_media":0,"parent":37,"menu_order":0,"comment_status":"closed","ping_status":"closed","template":"","meta":[],"_links":{"self":[{"href":"https:\/\/florettefoodservice.fr\/fr\/wp-json\/wp\/v2\/pages\/385\/"}],"collection":[{"href":"https:\/\/florettefoodservice.fr\/fr\/wp-json\/wp\/v2\/pages\/"}],"about":[{"href":"https:\/\/florettefoodservice.fr\/fr\/wp-json\/wp\/v2\/types\/page\/"}],"author":[{"embeddable":true,"href":"https:\/\/florettefoodservice.fr\/fr\/wp-json\/wp\/v2\/users\/1\/"}],"replies":[{"embeddable":true,"href":"https:\/\/florettefoodservice.fr\/fr\/wp-json\/wp\/v2\/comments\/?post=385"}],"version-history":[{"count":1,"href":"https:\/\/florettefoodservice.fr\/fr\/wp-json\/wp\/v2\/pages\/385\/revisions\/"}],"predecessor-version":[{"id":1533,"href":"https:\/\/florettefoodservice.fr\/fr\/wp-json\/wp\/v2\/pages\/385\/revisions\/1533\/"}],"up":[{"embeddable":true,"href":"https:\/\/florettefoodservice.fr\/fr\/wp-json\/wp\/v2\/pages\/37\/"}],"wp:attachment":[{"href":"https:\/\/florettefoodservice.fr\/fr\/wp-json\/wp\/v2\/media\/?parent=385"}],"curies":[{"name":"wp","href":"https:\/\/api.w.org\/{rel}","templated":true}]}}