
{"id":4223,"date":"2023-05-25T10:19:23","date_gmt":"2023-05-25T08:19:23","guid":{"rendered":"https:\/\/florettefoodservice.fr\/?page_id=4223"},"modified":"2025-07-17T14:28:13","modified_gmt":"2025-07-17T12:28:13","slug":"catalogue-florette-metro","status":"publish","type":"page","link":"https:\/\/florettefoodservice.fr\/fr\/catalogue-florette-metro\/","title":{"rendered":"Gamme v\u00e9g\u00e9tale pr\u00eate \u00e0 l\u2019emploi"},"content":{"rendered":"<p><img data-dominant-color=\"1f2819\" data-has-transparency=\"true\" style=\"--dominant-color: #1f2819;\" decoding=\"async\" loading=\"lazy\" class=\"has-transparency alignnone size-medium wp-image-4240 aligncenter\" src=\"http:\/\/florettefoodservice.fr\/wp-content\/uploads\/2023\/06\/Group-29-300x54.png\" alt=\"\" width=\"300\" height=\"54\" srcset=\"https:\/\/florettefoodservice.fr\/wp-content\/uploads\/2023\/06\/Group-29-300x54.png 300w, https:\/\/florettefoodservice.fr\/wp-content\/uploads\/2023\/06\/Group-29.png 338w\" sizes=\"(max-width: 300px) 100vw, 300px\" \/><\/p>\n<p style=\"text-align: center;\"><strong>Partenaires depuis presque 20 ans<\/strong><\/p>\n<p style=\"text-align: center;\">Sp\u00e9cialiste du Food Service nos produits ont \u00e9t\u00e9 con\u00e7us pour s\u2019adapter \u00e0 tous vos besoins et cr\u00e9ations.<\/p>\n<p style=\"text-align: center;\">Soucieux de l\u2019environnement, nos bassins de production suivent le rythme des saisons et d\u00e9s que possible nous favorisons l\u2019origine France.<\/p>\n<p>&nbsp;<\/p>\n<table style=\"border-collapse: collapse; width: 100%;\" border=\"0\">\n<tbody>\n<tr>\n<td style=\"width: 33%;\"><a href=\"https:\/\/florettefoodservice.fr\/fr\/catalogue-florette-metro\/gamme-salades\/\"><img data-dominant-color=\"b3bdab\" data-has-transparency=\"false\" style=\"--dominant-color: #b3bdab;\" decoding=\"async\" loading=\"lazy\" class=\"not-transparent size-medium wp-image-4261 aligncenter\" src=\"http:\/\/florettefoodservice.fr\/wp-content\/uploads\/2023\/06\/Cate\u0301gories-salades--200x300.webp\" alt=\"\" width=\"200\" height=\"300\" srcset=\"https:\/\/florettefoodservice.fr\/wp-content\/uploads\/2023\/06\/Cate\u0301gories-salades--200x300.webp 200w, https:\/\/florettefoodservice.fr\/wp-content\/uploads\/2023\/06\/Cate\u0301gories-salades--682x1024.webp 682w, https:\/\/florettefoodservice.fr\/wp-content\/uploads\/2023\/06\/Cate\u0301gories-salades--768x1152.webp 768w, https:\/\/florettefoodservice.fr\/wp-content\/uploads\/2023\/06\/Cate\u0301gories-salades--1024x1536.webp 1024w, https:\/\/florettefoodservice.fr\/wp-content\/uploads\/2023\/06\/Cate\u0301gories-salades--jpg.webp 1133w\" sizes=\"(max-width: 200px) 100vw, 200px\" \/><\/a><\/p>\n<p style=\"text-align: center;\"><a href=\"https:\/\/florettefoodservice.fr\/fr\/catalogue-florette-metro\/gamme-salades\/\">Gamme salades<\/a><\/p>\n<\/td>\n<td style=\"width: 33%;\"><a href=\"https:\/\/florettefoodservice.fr\/fr\/catalogue-florette-metro\/gamme-crudites\/\"><img data-dominant-color=\"eddfd7\" data-has-transparency=\"false\" style=\"--dominant-color: #eddfd7;\" decoding=\"async\" loading=\"lazy\" class=\"not-transparent size-medium wp-image-4257 aligncenter\" src=\"http:\/\/florettefoodservice.fr\/wp-content\/uploads\/2023\/06\/Cate\u0301gories-crudite\u0301s--200x300.webp\" alt=\"\" width=\"200\" height=\"300\" srcset=\"https:\/\/florettefoodservice.fr\/wp-content\/uploads\/2023\/06\/Cate\u0301gories-crudite\u0301s--200x300.webp 200w, https:\/\/florettefoodservice.fr\/wp-content\/uploads\/2023\/06\/Cate\u0301gories-crudite\u0301s--682x1024.webp 682w, https:\/\/florettefoodservice.fr\/wp-content\/uploads\/2023\/06\/Cate\u0301gories-crudite\u0301s--768x1152.webp 768w, https:\/\/florettefoodservice.fr\/wp-content\/uploads\/2023\/06\/Cate\u0301gories-crudite\u0301s--1024x1536.webp 1024w, https:\/\/florettefoodservice.fr\/wp-content\/uploads\/2023\/06\/Cate\u0301gories-crudite\u0301s-.jpg 1133w\" sizes=\"(max-width: 200px) 100vw, 200px\" \/><\/a><\/p>\n<p style=\"text-align: center;\"><a href=\"https:\/\/florettefoodservice.fr\/fr\/catalogue-florette-metro\/gamme-crudites\/\">Gamme crudit\u00e9s<\/a><\/p>\n<\/td>\n<td style=\"width: 33%;\"><a href=\"https:\/\/florettefoodservice.fr\/fr\/catalogue-florette-metro\/gamme-herbes\/\"><img data-dominant-color=\"e3e1cd\" data-has-transparency=\"false\" style=\"--dominant-color: #e3e1cd;\" decoding=\"async\" loading=\"lazy\" class=\"not-transparent size-medium wp-image-4259 aligncenter\" src=\"http:\/\/florettefoodservice.fr\/wp-content\/uploads\/2023\/06\/Cate\u0301gories-Herbes--200x300.webp\" alt=\"\" width=\"200\" height=\"300\" srcset=\"https:\/\/florettefoodservice.fr\/wp-content\/uploads\/2023\/06\/Cate\u0301gories-Herbes--200x300.webp 200w, https:\/\/florettefoodservice.fr\/wp-content\/uploads\/2023\/06\/Cate\u0301gories-Herbes--682x1024.webp 682w, https:\/\/florettefoodservice.fr\/wp-content\/uploads\/2023\/06\/Cate\u0301gories-Herbes--768x1152.webp 768w, https:\/\/florettefoodservice.fr\/wp-content\/uploads\/2023\/06\/Cate\u0301gories-Herbes--1024x1536.webp 1024w, https:\/\/florettefoodservice.fr\/wp-content\/uploads\/2023\/06\/Cate\u0301gories-Herbes--jpg.webp 1133w\" sizes=\"(max-width: 200px) 100vw, 200px\" \/><\/a><\/p>\n<p style=\"text-align: center;\"><a href=\"https:\/\/florettefoodservice.fr\/fr\/catalogue-florette-metro\/gamme-herbes\/\">Herbe<\/a><\/p>\n<\/td>\n<p><!--\n\n<td style=\"width: 25%;\"><img data-dominant-color=\"9e8f7c\" data-has-transparency=\"false\" style=\"--dominant-color: #9e8f7c;\" decoding=\"async\" loading=\"lazy\" class=\"not-transparent alignnone wp-image-5004 size-full\" src=\"http:\/\/florettefoodservice.fr\/wp-content\/uploads\/2024\/03\/Pickles-1-jpg.webp\" alt=\"\" width=\"200\" height=\"300\" \/>\n\n\n<p style=\"text-align: center;\"><a href=\"https:\/\/florettefoodservice.fr\/fr\/catalogue-florette-metro\/gamme-pickles\/\">Pickles <\/a><\/p>\n\n-->\n<\/td>\n<\/tr>\n<\/tbody>\n<\/table>\n<p style=\"text-align: center;\">\n","protected":false},"excerpt":{"rendered":"<p>Partenaires depuis presque 20 ans Sp\u00e9cialiste du Food Service nos produits ont \u00e9t\u00e9 con\u00e7us pour s\u2019adapter \u00e0 tous vos besoins et cr\u00e9ations. Soucieux de l\u2019environnement, nos bassins de production suivent le rythme des saisons et d\u00e9s que possible nous favorisons l\u2019origine France. &nbsp; Gamme salades Gamme crudit\u00e9s Herbe<\/p>\n","protected":false},"author":3,"featured_media":0,"parent":0,"menu_order":0,"comment_status":"closed","ping_status":"closed","template":"template-parts\/page-liste-produits.php","meta":[],"_links":{"self":[{"href":"https:\/\/florettefoodservice.fr\/fr\/wp-json\/wp\/v2\/pages\/4223\/"}],"collection":[{"href":"https:\/\/florettefoodservice.fr\/fr\/wp-json\/wp\/v2\/pages\/"}],"about":[{"href":"https:\/\/florettefoodservice.fr\/fr\/wp-json\/wp\/v2\/types\/page\/"}],"author":[{"embeddable":true,"href":"https:\/\/florettefoodservice.fr\/fr\/wp-json\/wp\/v2\/users\/3\/"}],"replies":[{"embeddable":true,"href":"https:\/\/florettefoodservice.fr\/fr\/wp-json\/wp\/v2\/comments\/?post=4223"}],"version-history":[{"count":13,"href":"https:\/\/florettefoodservice.fr\/fr\/wp-json\/wp\/v2\/pages\/4223\/revisions\/"}],"predecessor-version":[{"id":5398,"href":"https:\/\/florettefoodservice.fr\/fr\/wp-json\/wp\/v2\/pages\/4223\/revisions\/5398\/"}],"wp:attachment":[{"href":"https:\/\/florettefoodservice.fr\/fr\/wp-json\/wp\/v2\/media\/?parent=4223"}],"curies":[{"name":"wp","href":"https:\/\/api.w.org\/{rel}","templated":true}]}}