
{"id":4229,"date":"2023-05-30T16:30:15","date_gmt":"2023-05-30T14:30:15","guid":{"rendered":"https:\/\/florettefoodservice.fr\/?page_id=4229"},"modified":"2026-01-13T16:16:12","modified_gmt":"2026-01-13T15:16:12","slug":"cookies","status":"publish","type":"page","link":"https:\/\/florettefoodservice.fr\/fr\/cookies\/","title":{"rendered":"Cookies"},"content":{"rendered":"<div class=\"fusion-text fusion-text-2\">\n<p>Certaines fonctionnalit\u00e9s de ce site reposent sur des cookies. Pour comprendre ce qu\u2019est un cookie, vous pouvez consulter la page d\u00e9di\u00e9e sur\u00a0<a href=\"https:\/\/www.cnil.fr\/fr\/cookies-et-autres-traceurs\/definitions\"><u>le site de la CNIL<\/u><\/a>.<\/p>\n<\/div>\n<p>Vous pouvez d\u00e9finir vos pr\u00e9f\u00e9rences en mati\u00e8re de cookies en cliquant sur le lien <a href=\"#\" class=\"didomi-open-preferences\">ici<\/a>.<\/p>\n<p><span class=\"TextRun SCXW50221957 BCX0\" lang=\"FR-FR\" xml:lang=\"FR-FR\" data-contrast=\"auto\"><span class=\"NormalTextRun SCXW50221957 BCX0\">Vos choix en mati\u00e8re de cookies seront conserv\u00e9s pendant 5 ans par notre prestataire <\/span><span class=\"NormalTextRun SCXW50221957 BCX0\">Didomi<\/span><span class=\"NormalTextRun SCXW50221957 BCX0\">.\u00a0<\/span><\/span><span class=\"EOP SCXW50221957 BCX0\" data-ccp-props=\"{&quot;201341983&quot;:0,&quot;335551550&quot;:6,&quot;335551620&quot;:6,&quot;335559738&quot;:120,&quot;335559739&quot;:120,&quot;335559740&quot;:240}\">\u00a0<\/span><\/p>\n","protected":false},"excerpt":{"rendered":"<p>Certaines fonctionnalit\u00e9s de ce site reposent sur des cookies. Pour comprendre ce qu\u2019est un cookie, vous pouvez consulter la page d\u00e9di\u00e9e sur\u00a0le site de la CNIL. Vous pouvez d\u00e9finir vos pr\u00e9f\u00e9rences en mati\u00e8re de cookies en cliquant sur le lien ici. Vos choix en mati\u00e8re de cookies seront conserv\u00e9s pendant 5 ans par notre prestataire [&hellip;]<\/p>\n","protected":false},"author":1,"featured_media":0,"parent":0,"menu_order":0,"comment_status":"closed","ping_status":"closed","template":"","meta":[],"_links":{"self":[{"href":"https:\/\/florettefoodservice.fr\/fr\/wp-json\/wp\/v2\/pages\/4229\/"}],"collection":[{"href":"https:\/\/florettefoodservice.fr\/fr\/wp-json\/wp\/v2\/pages\/"}],"about":[{"href":"https:\/\/florettefoodservice.fr\/fr\/wp-json\/wp\/v2\/types\/page\/"}],"author":[{"embeddable":true,"href":"https:\/\/florettefoodservice.fr\/fr\/wp-json\/wp\/v2\/users\/1\/"}],"replies":[{"embeddable":true,"href":"https:\/\/florettefoodservice.fr\/fr\/wp-json\/wp\/v2\/comments\/?post=4229"}],"version-history":[{"count":12,"href":"https:\/\/florettefoodservice.fr\/fr\/wp-json\/wp\/v2\/pages\/4229\/revisions\/"}],"predecessor-version":[{"id":5519,"href":"https:\/\/florettefoodservice.fr\/fr\/wp-json\/wp\/v2\/pages\/4229\/revisions\/5519\/"}],"wp:attachment":[{"href":"https:\/\/florettefoodservice.fr\/fr\/wp-json\/wp\/v2\/media\/?parent=4229"}],"curies":[{"name":"wp","href":"https:\/\/api.w.org\/{rel}","templated":true}]}}